{"id":30,"date":"2023-09-23T18:37:11","date_gmt":"2023-09-23T16:37:11","guid":{"rendered":"https:\/\/clemencedarde-psy.fr\/?page_id=30"},"modified":"2023-10-03T11:19:23","modified_gmt":"2023-10-03T09:19:23","slug":"mon-parcours","status":"publish","type":"page","link":"https:\/\/clemencedarde-psy.fr\/index.php\/mon-parcours\/","title":{"rendered":"Mon parcours"},"content":{"rendered":"\n<p class=\"has-text-align-center\">Apr\u00e8s une carri\u00e8re de restauratrice d&#8217;objets d&#8217;art et de doreuse ornemaniste, j&#8217;ai d\u00e9laiss\u00e9 mes statues et autres sculptures inanim\u00e9es pour aller participer \u00e0 la restauration d&#8217;individus bien r\u00e9els. <br><br>Apr\u00e8s une <strong>Licence en psychologie d&#8217;orientation psychanalytique<\/strong> \u00e0 Rennes, je suis entr\u00e9e en <strong>Master int\u00e9gratif<\/strong> \u00e0 l&#8217;\u00c9cole des Psychologues Praticiens de Paris, avec pour sp\u00e9cialit\u00e9 : la <strong>clinique du psychotraumatisme <\/strong>et la <strong>victimologie<\/strong>. <br><br>A la suite de l&#8217;obtention de mon dipl\u00f4me, j&#8217;ai suivi 2 formations compl\u00e9mentaires en vue de poursuivre ma sp\u00e9cialisation en psychotraumatologie. Je me suis donc form\u00e9e \u00e0 <strong>la th\u00e9rapie Int\u00e9gration du Cycle de la Vie<\/strong> et \u00e0 <strong>la th\u00e9rapie EMDR<\/strong> (Eye Movement Desensitization and Reprocessing, pour laquelle je suis toujours en cours de formation).<br><br>J&#8217;ai ainsi \u00e0 coeur d&#8217;accompagner les patients au plus pr\u00e8s de leur demande et de leur besoins, dans <strong>une approche humaniste avec les outils qui sont les miens<\/strong>. N\u00e9anmoins, il ne s&#8217;agit pas de th\u00e9rapies ou d&#8217;approches miracles. <strong>A chaque patient l&#8217;approche qui lui convient<\/strong>, n&#8217;h\u00e9sitez donc pas \u00e0 m&#8217;indiquer vos souhaits et r\u00e9ticences pour que je puisse vous accompagner ou vous orienter au mieux. <\/p>\n\n\n\n<p><\/p>\n\n\n\n<p> <\/p>\n\n\n\n<figure class=\"wp-block-image size-large\"><img loading=\"lazy\" decoding=\"async\" width=\"1024\" height=\"683\" src=\"http:\/\/clemencedarde-psy.fr\/wp-content\/uploads\/2023\/09\/063A5889-1024x683.jpg\" alt=\"\" class=\"wp-image-52\" srcset=\"https:\/\/clemencedarde-psy.fr\/wp-content\/uploads\/2023\/09\/063A5889-1024x683.jpg 1024w, https:\/\/clemencedarde-psy.fr\/wp-content\/uploads\/2023\/09\/063A5889-300x200.jpg 300w, https:\/\/clemencedarde-psy.fr\/wp-content\/uploads\/2023\/09\/063A5889-768x512.jpg 768w, https:\/\/clemencedarde-psy.fr\/wp-content\/uploads\/2023\/09\/063A5889-1536x1024.jpg 1536w, https:\/\/clemencedarde-psy.fr\/wp-content\/uploads\/2023\/09\/063A5889-2048x1365.jpg 2048w, https:\/\/clemencedarde-psy.fr\/wp-content\/uploads\/2023\/09\/063A5889-1200x800.jpg 1200w, https:\/\/clemencedarde-psy.fr\/wp-content\/uploads\/2023\/09\/063A5889-1980x1320.jpg 1980w\" sizes=\"auto, (max-width: 1024px) 100vw, 1024px\" \/><\/figure>\n","protected":false},"excerpt":{"rendered":"<p>Apr\u00e8s une carri\u00e8re de restauratrice d&#8217;objets d&#8217;art et de doreuse ornemaniste, j&#8217;ai d\u00e9laiss\u00e9 mes statues et autres sculptures inanim\u00e9es pour aller participer \u00e0 la restauration d&#8217;individus bien r\u00e9els. Apr\u00e8s une Licence en psychologie d&#8217;orientation psychanalytique \u00e0 Rennes, je suis entr\u00e9e en Master int\u00e9gratif \u00e0 l&#8217;\u00c9cole des Psychologues Praticiens de Paris, avec pour sp\u00e9cialit\u00e9 : la&hellip;<\/p>\n","protected":false},"author":1,"featured_media":0,"parent":0,"menu_order":0,"comment_status":"closed","ping_status":"closed","template":"","meta":{"_uag_custom_page_level_css":"","_monsterinsights_skip_tracking":false,"_monsterinsights_sitenote_active":false,"_monsterinsights_sitenote_note":"","_monsterinsights_sitenote_category":0,"footnotes":""},"class_list":["post-30","page","type-page","status-publish","hentry"],"yoast_head":"<!-- This site is optimized with the Yoast SEO plugin v21.4 - https:\/\/yoast.com\/wordpress\/plugins\/seo\/ -->\n<title>Mon parcours - Cl\u00e9mence Darde Psychologue Clinicienne<\/title>\n<meta name=\"robots\" content=\"index, follow, max-snippet:-1, max-image-preview:large, max-video-preview:-1\" \/>\n<link rel=\"canonical\" href=\"https:\/\/clemencedarde-psy.fr\/index.php\/mon-parcours\/\" \/>\n<meta property=\"og:locale\" content=\"en_US\" \/>\n<meta property=\"og:type\" content=\"article\" \/>\n<meta property=\"og:title\" content=\"Mon parcours - Cl\u00e9mence Darde Psychologue Clinicienne\" \/>\n<meta property=\"og:description\" content=\"Apr\u00e8s une carri\u00e8re de restauratrice d&#8217;objets d&#8217;art et de doreuse ornemaniste, j&#8217;ai d\u00e9laiss\u00e9 mes statues et autres sculptures inanim\u00e9es pour aller participer \u00e0 la restauration d&#8217;individus bien r\u00e9els. Apr\u00e8s une Licence en psychologie d&#8217;orientation psychanalytique \u00e0 Rennes, je suis entr\u00e9e en Master int\u00e9gratif \u00e0 l&#8217;\u00c9cole des Psychologues Praticiens de Paris, avec pour sp\u00e9cialit\u00e9 : la&hellip;\" \/>\n<meta property=\"og:url\" content=\"https:\/\/clemencedarde-psy.fr\/index.php\/mon-parcours\/\" \/>\n<meta property=\"og:site_name\" content=\"Cl\u00e9mence Darde Psychologue Clinicienne\" \/>\n<meta property=\"article:modified_time\" content=\"2023-10-03T09:19:23+00:00\" \/>\n<meta property=\"og:image\" content=\"http:\/\/clemencedarde-psy.fr\/wp-content\/uploads\/2023\/09\/063A5889-1024x683.jpg\" \/>\n<meta name=\"twitter:card\" content=\"summary_large_image\" \/>\n<meta name=\"twitter:label1\" content=\"Est. reading time\" \/>\n\t<meta name=\"twitter:data1\" content=\"1 minute\" \/>\n<script type=\"application\/ld+json\" class=\"yoast-schema-graph\">{\"@context\":\"https:\/\/schema.org\",\"@graph\":[{\"@type\":\"WebPage\",\"@id\":\"https:\/\/clemencedarde-psy.fr\/index.php\/mon-parcours\/\",\"url\":\"https:\/\/clemencedarde-psy.fr\/index.php\/mon-parcours\/\",\"name\":\"Mon parcours - Cl\u00e9mence Darde Psychologue Clinicienne\",\"isPartOf\":{\"@id\":\"https:\/\/clemencedarde-psy.fr\/#website\"},\"datePublished\":\"2023-09-23T16:37:11+00:00\",\"dateModified\":\"2023-10-03T09:19:23+00:00\",\"breadcrumb\":{\"@id\":\"https:\/\/clemencedarde-psy.fr\/index.php\/mon-parcours\/#breadcrumb\"},\"inLanguage\":\"en-US\",\"potentialAction\":[{\"@type\":\"ReadAction\",\"target\":[\"https:\/\/clemencedarde-psy.fr\/index.php\/mon-parcours\/\"]}]},{\"@type\":\"BreadcrumbList\",\"@id\":\"https:\/\/clemencedarde-psy.fr\/index.php\/mon-parcours\/#breadcrumb\",\"itemListElement\":[{\"@type\":\"ListItem\",\"position\":1,\"name\":\"Accueil\",\"item\":\"https:\/\/clemencedarde-psy.fr\/\"},{\"@type\":\"ListItem\",\"position\":2,\"name\":\"Mon parcours\"}]},{\"@type\":\"WebSite\",\"@id\":\"https:\/\/clemencedarde-psy.fr\/#website\",\"url\":\"https:\/\/clemencedarde-psy.fr\/\",\"name\":\"Cl\u00e9mence Darde Psychologue Clinicienne\",\"description\":\"Cl\u00e9mence Darde Psychologue Clinicienne\",\"publisher\":{\"@id\":\"https:\/\/clemencedarde-psy.fr\/#\/schema\/person\/66e9a47ba1ae3fed58f16ccbea97b33a\"},\"potentialAction\":[{\"@type\":\"SearchAction\",\"target\":{\"@type\":\"EntryPoint\",\"urlTemplate\":\"https:\/\/clemencedarde-psy.fr\/?s={search_term_string}\"},\"query-input\":\"required name=search_term_string\"}],\"inLanguage\":\"en-US\"},{\"@type\":[\"Person\",\"Organization\"],\"@id\":\"https:\/\/clemencedarde-psy.fr\/#\/schema\/person\/66e9a47ba1ae3fed58f16ccbea97b33a\",\"name\":\"admin4183\",\"image\":{\"@type\":\"ImageObject\",\"inLanguage\":\"en-US\",\"@id\":\"https:\/\/clemencedarde-psy.fr\/#\/schema\/person\/image\/\",\"url\":\"https:\/\/clemencedarde-psy.fr\/wp-content\/uploads\/2023\/09\/cropped-gignkgo2.png\",\"contentUrl\":\"https:\/\/clemencedarde-psy.fr\/wp-content\/uploads\/2023\/09\/cropped-gignkgo2.png\",\"width\":375,\"height\":378,\"caption\":\"admin4183\"},\"logo\":{\"@id\":\"https:\/\/clemencedarde-psy.fr\/#\/schema\/person\/image\/\"},\"sameAs\":[\"http:\/\/clemencedarde-psy.fr\"]}]}<\/script>\n<!-- \/ Yoast SEO plugin. -->","yoast_head_json":{"title":"Mon parcours - Cl\u00e9mence Darde Psychologue Clinicienne","robots":{"index":"index","follow":"follow","max-snippet":"max-snippet:-1","max-image-preview":"max-image-preview:large","max-video-preview":"max-video-preview:-1"},"canonical":"https:\/\/clemencedarde-psy.fr\/index.php\/mon-parcours\/","og_locale":"en_US","og_type":"article","og_title":"Mon parcours - Cl\u00e9mence Darde Psychologue Clinicienne","og_description":"Apr\u00e8s une carri\u00e8re de restauratrice d&#8217;objets d&#8217;art et de doreuse ornemaniste, j&#8217;ai d\u00e9laiss\u00e9 mes statues et autres sculptures inanim\u00e9es pour aller participer \u00e0 la restauration d&#8217;individus bien r\u00e9els. Apr\u00e8s une Licence en psychologie d&#8217;orientation psychanalytique \u00e0 Rennes, je suis entr\u00e9e en Master int\u00e9gratif \u00e0 l&#8217;\u00c9cole des Psychologues Praticiens de Paris, avec pour sp\u00e9cialit\u00e9 : la&hellip;","og_url":"https:\/\/clemencedarde-psy.fr\/index.php\/mon-parcours\/","og_site_name":"Cl\u00e9mence Darde Psychologue Clinicienne","article_modified_time":"2023-10-03T09:19:23+00:00","og_image":[{"url":"http:\/\/clemencedarde-psy.fr\/wp-content\/uploads\/2023\/09\/063A5889-1024x683.jpg"}],"twitter_card":"summary_large_image","twitter_misc":{"Est. reading time":"1 minute"},"schema":{"@context":"https:\/\/schema.org","@graph":[{"@type":"WebPage","@id":"https:\/\/clemencedarde-psy.fr\/index.php\/mon-parcours\/","url":"https:\/\/clemencedarde-psy.fr\/index.php\/mon-parcours\/","name":"Mon parcours - Cl\u00e9mence Darde Psychologue Clinicienne","isPartOf":{"@id":"https:\/\/clemencedarde-psy.fr\/#website"},"datePublished":"2023-09-23T16:37:11+00:00","dateModified":"2023-10-03T09:19:23+00:00","breadcrumb":{"@id":"https:\/\/clemencedarde-psy.fr\/index.php\/mon-parcours\/#breadcrumb"},"inLanguage":"en-US","potentialAction":[{"@type":"ReadAction","target":["https:\/\/clemencedarde-psy.fr\/index.php\/mon-parcours\/"]}]},{"@type":"BreadcrumbList","@id":"https:\/\/clemencedarde-psy.fr\/index.php\/mon-parcours\/#breadcrumb","itemListElement":[{"@type":"ListItem","position":1,"name":"Accueil","item":"https:\/\/clemencedarde-psy.fr\/"},{"@type":"ListItem","position":2,"name":"Mon parcours"}]},{"@type":"WebSite","@id":"https:\/\/clemencedarde-psy.fr\/#website","url":"https:\/\/clemencedarde-psy.fr\/","name":"Cl\u00e9mence Darde Psychologue Clinicienne","description":"Cl\u00e9mence Darde Psychologue Clinicienne","publisher":{"@id":"https:\/\/clemencedarde-psy.fr\/#\/schema\/person\/66e9a47ba1ae3fed58f16ccbea97b33a"},"potentialAction":[{"@type":"SearchAction","target":{"@type":"EntryPoint","urlTemplate":"https:\/\/clemencedarde-psy.fr\/?s={search_term_string}"},"query-input":"required name=search_term_string"}],"inLanguage":"en-US"},{"@type":["Person","Organization"],"@id":"https:\/\/clemencedarde-psy.fr\/#\/schema\/person\/66e9a47ba1ae3fed58f16ccbea97b33a","name":"admin4183","image":{"@type":"ImageObject","inLanguage":"en-US","@id":"https:\/\/clemencedarde-psy.fr\/#\/schema\/person\/image\/","url":"https:\/\/clemencedarde-psy.fr\/wp-content\/uploads\/2023\/09\/cropped-gignkgo2.png","contentUrl":"https:\/\/clemencedarde-psy.fr\/wp-content\/uploads\/2023\/09\/cropped-gignkgo2.png","width":375,"height":378,"caption":"admin4183"},"logo":{"@id":"https:\/\/clemencedarde-psy.fr\/#\/schema\/person\/image\/"},"sameAs":["http:\/\/clemencedarde-psy.fr"]}]}},"uagb_featured_image_src":{"full":false,"thumbnail":false,"medium":false,"medium_large":false,"large":false,"1536x1536":false,"2048x2048":false,"post-thumbnail":false,"twentytwenty-fullscreen":false},"uagb_author_info":{"display_name":"admin4183","author_link":"https:\/\/clemencedarde-psy.fr\/index.php\/author\/admin4183\/"},"uagb_comment_info":0,"uagb_excerpt":"Apr\u00e8s une carri\u00e8re de restauratrice d&#8217;objets d&#8217;art et de doreuse ornemaniste, j&#8217;ai d\u00e9laiss\u00e9 mes statues et autres sculptures inanim\u00e9es pour aller participer \u00e0 la restauration d&#8217;individus bien r\u00e9els. Apr\u00e8s une Licence en psychologie d&#8217;orientation psychanalytique \u00e0 Rennes, je suis entr\u00e9e en Master int\u00e9gratif \u00e0 l&#8217;\u00c9cole des Psychologues Praticiens de Paris, avec pour sp\u00e9cialit\u00e9 : la&hellip;","_links":{"self":[{"href":"https:\/\/clemencedarde-psy.fr\/index.php\/wp-json\/wp\/v2\/pages\/30","targetHints":{"allow":["GET"]}}],"collection":[{"href":"https:\/\/clemencedarde-psy.fr\/index.php\/wp-json\/wp\/v2\/pages"}],"about":[{"href":"https:\/\/clemencedarde-psy.fr\/index.php\/wp-json\/wp\/v2\/types\/page"}],"author":[{"embeddable":true,"href":"https:\/\/clemencedarde-psy.fr\/index.php\/wp-json\/wp\/v2\/users\/1"}],"replies":[{"embeddable":true,"href":"https:\/\/clemencedarde-psy.fr\/index.php\/wp-json\/wp\/v2\/comments?post=30"}],"version-history":[{"count":10,"href":"https:\/\/clemencedarde-psy.fr\/index.php\/wp-json\/wp\/v2\/pages\/30\/revisions"}],"predecessor-version":[{"id":178,"href":"https:\/\/clemencedarde-psy.fr\/index.php\/wp-json\/wp\/v2\/pages\/30\/revisions\/178"}],"wp:attachment":[{"href":"https:\/\/clemencedarde-psy.fr\/index.php\/wp-json\/wp\/v2\/media?parent=30"}],"curies":[{"name":"wp","href":"https:\/\/api.w.org\/{rel}","templated":true}]}}